{"id":1243,"date":"2025-01-23T20:30:12","date_gmt":"2025-01-23T20:30:12","guid":{"rendered":"https:\/\/poradnikslubny.pl\/?post_type=product&#038;p=1243"},"modified":"2025-01-23T20:30:38","modified_gmt":"2025-01-23T20:30:38","slug":"przysiega-slubna","status":"publish","type":"product","link":"https:\/\/poradnikslubny.pl\/?product=przysiega-slubna","title":{"rendered":"PRZYSI\u0118GA \u015aLUBNA"},"content":{"rendered":"<p>Odkryj magi\u0119 mi\u0142o\u015bci poprzez s\u0142owa z naszym eBookiem. Stworzony z my\u015bl\u0105 o narzeczonych, kt\u00f3rzy pragn\u0105 nada\u0107 swojej ceremonii \u015blubnej g\u0142\u0119boko osobisty akcent, ten przewodnik jest nieocenionym zasobem w drodze do stworzenia przysi\u0105g, kt\u00f3re b\u0119d\u0105 rezonowa\u0107 w Waszych sercach na zawsze.<\/p>\n<p><strong>Co Znajdziesz w \u015arodku:<\/strong><\/p>\n<ul>\n<li><strong>Historyczne i Kulturowe Konteksty:<\/strong> Zrozumienie tradycji i ewolucji przysi\u0105g \u015blubnych.<\/li>\n<li><strong>Kroki do Napisania Przysi\u0119gi:<\/strong> Od refleksji nad Wasz\u0105 relacj\u0105 po finalizacj\u0119 tre\u015bci przysi\u0105g.<\/li>\n<li><strong>Przyk\u0142ady i Inspiracje:<\/strong> Bogaty zbi\u00f3r r\u00f3\u017cnorodnych przysi\u0105g, od tradycyjnych po nowoczesne.<\/li>\n<li><strong>Porady Praktyczne:<\/strong> Jak wyra\u017ca\u0107 emocje, radzi\u0107 sobie z trem\u0105 i tworzy\u0107 pami\u0119tne przysi\u0119gi.<\/li>\n<li><strong>\u0106wiczenia i Zadania:<\/strong> Interaktywne aktywno\u015bci wspomagaj\u0105ce proces tw\u00f3rczy.<\/li>\n<li><strong>Aspekty Prawne i Kulturowe:<\/strong> Jak uwzgl\u0119dni\u0107 wa\u017cne aspekty prawne i tradycje kulturowe.<\/li>\n<\/ul>\n<p><strong>Dla Kogo Jest Ten eBook:<\/strong><\/p>\n<p>Jest idealny dla par, kt\u00f3re chc\u0105 uczyni\u0107 swoje przysi\u0119gi \u015blubne niepowtarzalnymi i g\u0142\u0119boko osobistymi. Niezale\u017cnie od tego, czy wolisz tradycyjne podej\u015bcie, czy pragniesz stworzy\u0107 co\u015b unikalnego, ten przewodnik dostarczy Ci narz\u0119dzi i wiedzy niezb\u0119dnej do wyra\u017cenia Twojej niezwyk\u0142ej mi\u0142o\u015bci.<\/p>\n<p><strong>Dlaczego Wybra\u0107 Nasz eBook:<\/strong><\/p>\n<ul>\n<li><strong>Ekspertyza i Wiedza:<\/strong> Zawarto\u015b\u0107 przygotowana przez do\u015bwiadczonego mistrza ceremonii.<\/li>\n<li><strong>\u0141atwy do \u015aledzenia Format:<\/strong> Przejrzysta struktura i \u0142atwe do zrozumienia wskaz\u00f3wki.<\/li>\n<li><strong>Wszechstronne Podej\u015bcie:<\/strong> Od historycznego kontekstu po praktyczne \u0107wiczenia.<\/li>\n<li><strong>Dost\u0119pno\u015b\u0107 i Wygoda:<\/strong> Czytaj i planuj w swoim tempie, w dowolnym miejscu i czasie.<\/li>\n<\/ul>\n<p><strong>Zr\u00f3b Pierwszy Krok Ku Niezapomnianemu \u015alubowi:<\/strong><\/p>\n<p>Po tej lekturze Wasze przysi\u0119gi \u015blubne przekszta\u0142c\u0105 si\u0119 z prostych s\u0142\u00f3w w odzwierciedlenie Waszej unikalnej historii mi\u0142o\u015bci. Pobierz swoj\u0105 kopi\u0119 ju\u017c dzi\u015b i zacznij tworzy\u0107 przysi\u0119gi, kt\u00f3re b\u0119d\u0105 \u015bwiadczy\u0107 o g\u0142\u0119bi Waszej mi\u0142o\u015bci i zaanga\u017cowania na lata.<\/p>\n","protected":false},"excerpt":{"rendered":"<p>Odkryj magi\u0119 mi\u0142o\u015bci poprzez s\u0142owa z naszym eBookiem. Stworzony z my\u015bl\u0105 o narzeczonych, kt\u00f3rzy pragn\u0105 nada\u0107 swojej ceremonii \u015blubnej g\u0142\u0119boko osobisty akcent, ten przewodnik jest nieocenionym zasobem w drodze do stworzenia przysi\u0105g, kt\u00f3re b\u0119d\u0105 rezonowa\u0107 w Waszych sercach na zawsze. Co Znajdziesz w \u015arodku: Historyczne i Kulturowe Konteksty: Zrozumienie tradycji i ewolucji przysi\u0105g \u015blubnych. Kroki [&hellip;]<\/p>\n","protected":false},"featured_media":1248,"comment_status":"open","ping_status":"closed","template":"","meta":{"ocean_post_layout":"","ocean_both_sidebars_style":"","ocean_both_sidebars_content_width":0,"ocean_both_sidebars_sidebars_width":0,"ocean_sidebar":"","ocean_second_sidebar":"","ocean_disable_margins":"enable","ocean_add_body_class":"","ocean_shortcode_before_top_bar":"","ocean_shortcode_after_top_bar":"","ocean_shortcode_before_header":"","ocean_shortcode_after_header":"","ocean_has_shortcode":"","ocean_shortcode_after_title":"","ocean_shortcode_before_footer_widgets":"","ocean_shortcode_after_footer_widgets":"","ocean_shortcode_before_footer_bottom":"","ocean_shortcode_after_footer_bottom":"","ocean_display_top_bar":"default","ocean_display_header":"default","ocean_header_style":"","ocean_center_header_left_menu":"","ocean_custom_header_template":"","ocean_custom_logo":0,"ocean_custom_retina_logo":0,"ocean_custom_logo_max_width":0,"ocean_custom_logo_tablet_max_width":0,"ocean_custom_logo_mobile_max_width":0,"ocean_custom_logo_max_height":0,"ocean_custom_logo_tablet_max_height":0,"ocean_custom_logo_mobile_max_height":0,"ocean_header_custom_menu":"","ocean_menu_typo_font_family":"","ocean_menu_typo_font_subset":"","ocean_menu_typo_font_size":0,"ocean_menu_typo_font_size_tablet":0,"ocean_menu_typo_font_size_mobile":0,"ocean_menu_typo_font_size_unit":"px","ocean_menu_typo_font_weight":"","ocean_menu_typo_font_weight_tablet":"","ocean_menu_typo_font_weight_mobile":"","ocean_menu_typo_transform":"","ocean_menu_typo_transform_tablet":"","ocean_menu_typo_transform_mobile":"","ocean_menu_typo_line_height":0,"ocean_menu_typo_line_height_tablet":0,"ocean_menu_typo_line_height_mobile":0,"ocean_menu_typo_line_height_unit":"","ocean_menu_typo_spacing":0,"ocean_menu_typo_spacing_tablet":0,"ocean_menu_typo_spacing_mobile":0,"ocean_menu_typo_spacing_unit":"","ocean_menu_link_color":"","ocean_menu_link_color_hover":"","ocean_menu_link_color_active":"","ocean_menu_link_background":"","ocean_menu_link_hover_background":"","ocean_menu_link_active_background":"","ocean_menu_social_links_bg":"","ocean_menu_social_hover_links_bg":"","ocean_menu_social_links_color":"","ocean_menu_social_hover_links_color":"","ocean_disable_title":"default","ocean_disable_heading":"default","ocean_post_title":"","ocean_post_subheading":"","ocean_post_title_style":"","ocean_post_title_background_color":"","ocean_post_title_background":0,"ocean_post_title_bg_image_position":"","ocean_post_title_bg_image_attachment":"","ocean_post_title_bg_image_repeat":"","ocean_post_title_bg_image_size":"","ocean_post_title_height":0,"ocean_post_title_bg_overlay":0.5,"ocean_post_title_bg_overlay_color":"","ocean_disable_breadcrumbs":"default","ocean_breadcrumbs_color":"","ocean_breadcrumbs_separator_color":"","ocean_breadcrumbs_links_color":"","ocean_breadcrumbs_links_hover_color":"","ocean_display_footer_widgets":"default","ocean_display_footer_bottom":"default","ocean_custom_footer_template":""},"product_brand":[],"product_cat":[22],"product_tag":[23],"class_list":{"0":"post-1243","1":"product","2":"type-product","3":"status-publish","4":"has-post-thumbnail","6":"product_cat-e-book","7":"product_tag-pdf","9":"entry","10":"has-media","12":"first","13":"instock","14":"featured","15":"downloadable","16":"virtual","17":"purchasable","18":"product-type-simple","19":"has-product-nav","20":"col","21":"span_1_of_3","22":"owp-content-center","23":"owp-thumbs-layout-horizontal","24":"owp-btn-normal","25":"owp-tabs-layout-horizontal","26":"has-no-thumbnails"},"_links":{"self":[{"href":"https:\/\/poradnikslubny.pl\/index.php?rest_route=\/wp\/v2\/product\/1243","targetHints":{"allow":["GET"]}}],"collection":[{"href":"https:\/\/poradnikslubny.pl\/index.php?rest_route=\/wp\/v2\/product"}],"about":[{"href":"https:\/\/poradnikslubny.pl\/index.php?rest_route=\/wp\/v2\/types\/product"}],"replies":[{"embeddable":true,"href":"https:\/\/poradnikslubny.pl\/index.php?rest_route=%2Fwp%2Fv2%2Fcomments&post=1243"}],"wp:featuredmedia":[{"embeddable":true,"href":"https:\/\/poradnikslubny.pl\/index.php?rest_route=\/wp\/v2\/media\/1248"}],"wp:attachment":[{"href":"https:\/\/poradnikslubny.pl\/index.php?rest_route=%2Fwp%2Fv2%2Fmedia&parent=1243"}],"wp:term":[{"taxonomy":"product_brand","embeddable":true,"href":"https:\/\/poradnikslubny.pl\/index.php?rest_route=%2Fwp%2Fv2%2Fproduct_brand&post=1243"},{"taxonomy":"product_cat","embeddable":true,"href":"https:\/\/poradnikslubny.pl\/index.php?rest_route=%2Fwp%2Fv2%2Fproduct_cat&post=1243"},{"taxonomy":"product_tag","embeddable":true,"href":"https:\/\/poradnikslubny.pl\/index.php?rest_route=%2Fwp%2Fv2%2Fproduct_tag&post=1243"}],"curies":[{"name":"wp","href":"https:\/\/api.w.org\/{rel}","templated":true}]}}